{"id":1468,"date":"2025-11-22T16:16:54","date_gmt":"2025-11-22T16:16:54","guid":{"rendered":"https:\/\/lechatalalucarne.fr\/?page_id=1468"},"modified":"2026-03-25T15:13:34","modified_gmt":"2026-03-25T14:13:34","slug":"les-livres-du-chat-a-la-lucarne","status":"publish","type":"page","link":"https:\/\/lechatalalucarne.fr\/?page_id=1468","title":{"rendered":"Les livres du \u00ab\u00a0chat \u00e0 la lucarne\u00a0\u00bb"},"content":{"rendered":"\n<div class=\"wp-block-columns is-layout-flex wp-container-core-columns-is-layout-28f84493 wp-block-columns-is-layout-flex\">\n<div class=\"wp-block-column is-layout-flow wp-block-column-is-layout-flow\">\n<div class=\"wp-block-media-text is-stacked-on-mobile\"><figure class=\"wp-block-media-text__media\"><a href=\"https:\/\/lechatalalucarne.fr\/?p=1548\"><img fetchpriority=\"high\" decoding=\"async\" width=\"726\" height=\"1024\" src=\"https:\/\/lechatalalucarne.fr\/wp-content\/uploads\/2026\/03\/2026_03_07_couverture-nos-bleus-pastel-V5-2-726x1024.jpg\" alt=\"\" class=\"wp-image-1553 size-full\" srcset=\"https:\/\/lechatalalucarne.fr\/wp-content\/uploads\/2026\/03\/2026_03_07_couverture-nos-bleus-pastel-V5-2-726x1024.jpg 726w, https:\/\/lechatalalucarne.fr\/wp-content\/uploads\/2026\/03\/2026_03_07_couverture-nos-bleus-pastel-V5-2-213x300.jpg 213w, https:\/\/lechatalalucarne.fr\/wp-content\/uploads\/2026\/03\/2026_03_07_couverture-nos-bleus-pastel-V5-2-768x1083.jpg 768w, https:\/\/lechatalalucarne.fr\/wp-content\/uploads\/2026\/03\/2026_03_07_couverture-nos-bleus-pastel-V5-2-1089x1536.jpg 1089w, https:\/\/lechatalalucarne.fr\/wp-content\/uploads\/2026\/03\/2026_03_07_couverture-nos-bleus-pastel-V5-2-1452x2048.jpg 1452w, https:\/\/lechatalalucarne.fr\/wp-content\/uploads\/2026\/03\/2026_03_07_couverture-nos-bleus-pastel-V5-2-600x846.jpg 600w, https:\/\/lechatalalucarne.fr\/wp-content\/uploads\/2026\/03\/2026_03_07_couverture-nos-bleus-pastel-V5-2.jpg 1782w\" sizes=\"(max-width: 726px) 100vw, 726px\" \/><\/a><\/figure><div class=\"wp-block-media-text__content\">\n<p class=\"has-text-align-center\"><mark style=\"background-color:rgba(0, 0, 0, 0)\" class=\"has-inline-color has-ast-global-color-0-color\"><strong><a href=\"https:\/\/lechatalalucarne.fr\/?p=1548\" title=\"\">Nos Bleus pastel du matin<\/a><\/strong><\/mark><\/p>\n\n\n\n<p>Autrice : A-M. Frotin<\/p>\n\n\n\n<p>Illustrateur : A. Dupr\u00e9<\/p>\n\n\n\n<p class=\"has-text-align-center\"><mark style=\"background-color:rgba(0, 0, 0, 0);color:#cf2e2e\" class=\"has-inline-color\"><strong>2026 <br>sous r\u00e9serve des pr\u00e9commandes<\/strong><\/mark><\/p>\n<\/div><\/div>\n\n\n\n<p><\/p>\n<\/div>\n\n\n\n<div class=\"wp-block-column is-layout-flow wp-block-column-is-layout-flow\"><\/div>\n<\/div>\n\n\n\n<div class=\"wp-block-group is-horizontal is-content-justification-right is-nowrap is-layout-flex wp-container-core-group-is-layout-773d6d34 wp-block-group-is-layout-flex\">\n<div class=\"wp-block-media-text is-stacked-on-mobile\" style=\"grid-template-columns:60% auto\"><figure class=\"wp-block-media-text__media\"><a href=\"https:\/\/lechatalalucarne.fr\/?p=1259\"><img decoding=\"async\" width=\"859\" height=\"845\" src=\"https:\/\/lechatalalucarne.fr\/wp-content\/uploads\/2025\/08\/Couv-Le-Grand-Voyage-dIreti_V2025_08_26_V4.jpg\" alt=\"\" class=\"wp-image-1367 size-full\" srcset=\"https:\/\/lechatalalucarne.fr\/wp-content\/uploads\/2025\/08\/Couv-Le-Grand-Voyage-dIreti_V2025_08_26_V4.jpg 859w, https:\/\/lechatalalucarne.fr\/wp-content\/uploads\/2025\/08\/Couv-Le-Grand-Voyage-dIreti_V2025_08_26_V4-300x295.jpg 300w, https:\/\/lechatalalucarne.fr\/wp-content\/uploads\/2025\/08\/Couv-Le-Grand-Voyage-dIreti_V2025_08_26_V4-768x755.jpg 768w, https:\/\/lechatalalucarne.fr\/wp-content\/uploads\/2025\/08\/Couv-Le-Grand-Voyage-dIreti_V2025_08_26_V4-600x590.jpg 600w\" sizes=\"(max-width: 859px) 100vw, 859px\" \/><\/a><\/figure><div class=\"wp-block-media-text__content\">\n<p class=\"has-text-align-center\"><strong><a href=\"https:\/\/lechatalalucarne.fr\/?p=1259\" title=\"\">Le Grand Voyage d&rsquo;Ir\u00e9ti<\/a><\/strong><\/p>\n\n\n\n<p class=\"has-text-align-center\"><kbd>Auteur : <\/kbd><br><kbd>C. Berteloot<br>Illustrateur :<br>E. Bernard<\/kbd><\/p>\n\n\n\n<p class=\"has-text-align-center\">2025<\/p>\n<\/div><\/div>\n\n\n\n<hr class=\"wp-block-separator has-alpha-channel-opacity\"\/>\n\n\n\n<div class=\"wp-block-media-text is-stacked-on-mobile\" style=\"grid-template-columns:60% auto\"><figure class=\"wp-block-media-text__media\"><a href=\"https:\/\/lechatalalucarne.fr\/?p=1074\"><img decoding=\"async\" width=\"722\" height=\"1024\" src=\"https:\/\/lechatalalucarne.fr\/wp-content\/uploads\/2025\/11\/Couv_Unbruitquicourt-722x1024.jpg\" alt=\"\" class=\"wp-image-1473 size-full\" srcset=\"https:\/\/lechatalalucarne.fr\/wp-content\/uploads\/2025\/11\/Couv_Unbruitquicourt-722x1024.jpg 722w, https:\/\/lechatalalucarne.fr\/wp-content\/uploads\/2025\/11\/Couv_Unbruitquicourt-211x300.jpg 211w, https:\/\/lechatalalucarne.fr\/wp-content\/uploads\/2025\/11\/Couv_Unbruitquicourt-768x1090.jpg 768w, https:\/\/lechatalalucarne.fr\/wp-content\/uploads\/2025\/11\/Couv_Unbruitquicourt-600x851.jpg 600w, https:\/\/lechatalalucarne.fr\/wp-content\/uploads\/2025\/11\/Couv_Unbruitquicourt.jpg 874w\" sizes=\"(max-width: 722px) 100vw, 722px\" \/><\/a><\/figure><div class=\"wp-block-media-text__content\">\n<p class=\"has-text-align-center\"><a href=\"https:\/\/lechatalalucarne.fr\/?p=1074\" title=\"\"><strong>Un bruit qui court<\/strong><\/a><\/p>\n\n\n\n<p class=\"has-text-align-center\">Auteur : P. Derrez<\/p>\n\n\n\n<p class=\"has-text-align-center\">2024<\/p>\n<\/div><\/div>\n<\/div>\n\n\n\n<div class=\"wp-block-group is-nowrap is-layout-flex wp-container-core-group-is-layout-6c531013 wp-block-group-is-layout-flex\">\n<div class=\"wp-block-media-text is-stacked-on-mobile\" style=\"grid-template-columns:60% auto\"><figure class=\"wp-block-media-text__media\"><a href=\"https:\/\/lechatalalucarne.fr\/?p=1061\"><img loading=\"lazy\" decoding=\"async\" width=\"722\" height=\"1024\" src=\"https:\/\/lechatalalucarne.fr\/wp-content\/uploads\/2024\/03\/Livre-voyant-baisser-le-jour-couv-722x1024.jpg\" alt=\"\" class=\"wp-image-951 size-full\" srcset=\"https:\/\/lechatalalucarne.fr\/wp-content\/uploads\/2024\/03\/Livre-voyant-baisser-le-jour-couv-722x1024.jpg 722w, https:\/\/lechatalalucarne.fr\/wp-content\/uploads\/2024\/03\/Livre-voyant-baisser-le-jour-couv-600x851.jpg 600w, https:\/\/lechatalalucarne.fr\/wp-content\/uploads\/2024\/03\/Livre-voyant-baisser-le-jour-couv-211x300.jpg 211w, https:\/\/lechatalalucarne.fr\/wp-content\/uploads\/2024\/03\/Livre-voyant-baisser-le-jour-couv-768x1090.jpg 768w, https:\/\/lechatalalucarne.fr\/wp-content\/uploads\/2024\/03\/Livre-voyant-baisser-le-jour-couv.jpg 874w\" sizes=\"(max-width: 722px) 100vw, 722px\" \/><\/a><\/figure><div class=\"wp-block-media-text__content\">\n<p class=\"has-text-align-center\"><a href=\"https:\/\/lechatalalucarne.fr\/?p=1061\" title=\"\"><strong>Voyant baisser le jour<\/strong><\/a><\/p>\n\n\n\n<p class=\"has-text-align-center\">Auteur : P. Billard <\/p>\n\n\n\n<p class=\"has-text-align-center\">2023<\/p>\n<\/div><\/div>\n\n\n\n<hr class=\"wp-block-separator has-alpha-channel-opacity\"\/>\n\n\n\n<div class=\"wp-block-media-text is-stacked-on-mobile\" style=\"grid-template-columns:60% auto\"><figure class=\"wp-block-media-text__media\"><a href=\"https:\/\/lechatalalucarne.fr\/?p=1076\"><img loading=\"lazy\" decoding=\"async\" width=\"1024\" height=\"1024\" src=\"https:\/\/lechatalalucarne.fr\/wp-content\/uploads\/2022\/12\/la-saveur-des-mots-couverture-1024x1024.jpg\" alt=\"\" class=\"wp-image-627 size-full\" srcset=\"https:\/\/lechatalalucarne.fr\/wp-content\/uploads\/2022\/12\/la-saveur-des-mots-couverture-1024x1024.jpg 1024w, https:\/\/lechatalalucarne.fr\/wp-content\/uploads\/2022\/12\/la-saveur-des-mots-couverture-300x300.jpg 300w, https:\/\/lechatalalucarne.fr\/wp-content\/uploads\/2022\/12\/la-saveur-des-mots-couverture-scaled-100x100.jpg 100w, https:\/\/lechatalalucarne.fr\/wp-content\/uploads\/2022\/12\/la-saveur-des-mots-couverture-600x600.jpg 600w, https:\/\/lechatalalucarne.fr\/wp-content\/uploads\/2022\/12\/la-saveur-des-mots-couverture-150x150.jpg 150w, https:\/\/lechatalalucarne.fr\/wp-content\/uploads\/2022\/12\/la-saveur-des-mots-couverture-768x767.jpg 768w, https:\/\/lechatalalucarne.fr\/wp-content\/uploads\/2022\/12\/la-saveur-des-mots-couverture-1536x1536.jpg 1536w, https:\/\/lechatalalucarne.fr\/wp-content\/uploads\/2022\/12\/la-saveur-des-mots-couverture-2048x2046.jpg 2048w\" sizes=\"(max-width: 1024px) 100vw, 1024px\" \/><\/a><\/figure><div class=\"wp-block-media-text__content\">\n<p class=\"has-text-align-center\"><a href=\"https:\/\/lechatalalucarne.fr\/?p=1076\" title=\"\"><strong>La saveur des mots<\/strong><\/a><br><\/p>\n\n\n\n<p class=\"has-text-align-center\">Auteurs : <br>E Zolla, F Hamon, <br>J Copp\u00e9<\/p>\n\n\n\n<p class=\"has-text-align-center\">2012<\/p>\n<\/div><\/div>\n<\/div>\n","protected":false},"excerpt":{"rendered":"<p>Nos Bleus pastel du matin Autrice : A-M. Frotin Illustrateur : A. Dupr\u00e9 2026 sous r\u00e9serve des pr\u00e9commandes Le Grand Voyage d&rsquo;Ir\u00e9ti Auteur : C. BertelootIllustrateur :E. Bernard 2025 Un bruit qui court Auteur : P. Derrez 2024 Voyant baisser le jour Auteur : P. Billard 2023 La saveur des mots Auteurs : E Zolla, [&hellip;]<\/p>\n","protected":false},"author":3,"featured_media":0,"parent":0,"menu_order":0,"comment_status":"closed","ping_status":"closed","template":"","meta":{"site-sidebar-layout":"default","site-content-layout":"","ast-site-content-layout":"default","site-content-style":"default","site-sidebar-style":"default","ast-global-header-display":"","ast-banner-title-visibility":"","ast-main-header-display":"","ast-hfb-above-header-display":"","ast-hfb-below-header-display":"","ast-hfb-mobile-header-display":"","site-post-title":"","ast-breadcrumbs-content":"","ast-featured-img":"","footer-sml-layout":"","ast-disable-related-posts":"","theme-transparent-header-meta":"","adv-header-id-meta":"","stick-header-meta":"","header-above-stick-meta":"","header-main-stick-meta":"","header-below-stick-meta":"","astra-migrate-meta-layouts":"set","ast-page-background-enabled":"default","ast-page-background-meta":{"desktop":{"background-color":"","background-image":"","background-repeat":"repeat","background-position":"center center","background-size":"auto","background-attachment":"scroll","background-type":"","background-media":"","overlay-type":"","overlay-color":"","overlay-opacity":"","overlay-gradient":""},"tablet":{"background-color":"","background-image":"","background-repeat":"repeat","background-position":"center center","background-size":"auto","background-attachment":"scroll","background-type":"","background-media":"","overlay-type":"","overlay-color":"","overlay-opacity":"","overlay-gradient":""},"mobile":{"background-color":"","background-image":"","background-repeat":"repeat","background-position":"center center","background-size":"auto","background-attachment":"scroll","background-type":"","background-media":"","overlay-type":"","overlay-color":"","overlay-opacity":"","overlay-gradient":""}},"ast-content-background-meta":{"desktop":{"background-color":"var(--ast-global-color-5)","background-image":"","background-repeat":"repeat","background-position":"center center","background-size":"auto","background-attachment":"scroll","background-type":"","background-media":"","overlay-type":"","overlay-color":"","overlay-opacity":"","overlay-gradient":""},"tablet":{"background-color":"var(--ast-global-color-5)","background-image":"","background-repeat":"repeat","background-position":"center center","background-size":"auto","background-attachment":"scroll","background-type":"","background-media":"","overlay-type":"","overlay-color":"","overlay-opacity":"","overlay-gradient":""},"mobile":{"background-color":"var(--ast-global-color-5)","background-image":"","background-repeat":"repeat","background-position":"center center","background-size":"auto","background-attachment":"scroll","background-type":"","background-media":"","overlay-type":"","overlay-color":"","overlay-opacity":"","overlay-gradient":""}},"footnotes":""},"class_list":["post-1468","page","type-page","status-publish","hentry"],"aioseo_notices":[],"_links":{"self":[{"href":"https:\/\/lechatalalucarne.fr\/index.php?rest_route=\/wp\/v2\/pages\/1468","targetHints":{"allow":["GET"]}}],"collection":[{"href":"https:\/\/lechatalalucarne.fr\/index.php?rest_route=\/wp\/v2\/pages"}],"about":[{"href":"https:\/\/lechatalalucarne.fr\/index.php?rest_route=\/wp\/v2\/types\/page"}],"author":[{"embeddable":true,"href":"https:\/\/lechatalalucarne.fr\/index.php?rest_route=\/wp\/v2\/users\/3"}],"replies":[{"embeddable":true,"href":"https:\/\/lechatalalucarne.fr\/index.php?rest_route=%2Fwp%2Fv2%2Fcomments&post=1468"}],"version-history":[{"count":26,"href":"https:\/\/lechatalalucarne.fr\/index.php?rest_route=\/wp\/v2\/pages\/1468\/revisions"}],"predecessor-version":[{"id":1571,"href":"https:\/\/lechatalalucarne.fr\/index.php?rest_route=\/wp\/v2\/pages\/1468\/revisions\/1571"}],"wp:attachment":[{"href":"https:\/\/lechatalalucarne.fr\/index.php?rest_route=%2Fwp%2Fv2%2Fmedia&parent=1468"}],"curies":[{"name":"wp","href":"https:\/\/api.w.org\/{rel}","templated":true}]}}